{"id":3211,"date":"2025-06-04T08:34:02","date_gmt":"2025-06-04T05:34:02","guid":{"rendered":"https:\/\/lang.my-site.gr\/index.php\/biografie\/"},"modified":"2025-07-03T12:18:44","modified_gmt":"2025-07-03T09:18:44","slug":"biografie","status":"publish","type":"page","link":"https:\/\/voliotignatho.gr\/de\/index.php\/biografie\/","title":{"rendered":"Lebenslauf"},"content":{"rendered":"\t\t<div data-elementor-type=\"wp-page\" data-elementor-id=\"3211\" class=\"elementor elementor-3211 elementor-2895\">\n\t\t\t\t<div class=\"elementor-element elementor-element-67d59e2e e-flex e-con-boxed e-con e-parent\" data-id=\"67d59e2e\" data-element_type=\"container\" data-settings=\"{&quot;background_background&quot;:&quot;classic&quot;}\">\n\t\t\t\t\t<div class=\"e-con-inner\">\n\t\t<div class=\"elementor-element elementor-element-6b7a87e1 e-con-full e-flex e-con e-child\" data-id=\"6b7a87e1\" data-element_type=\"container\">\n\t\t<div class=\"elementor-element elementor-element-882fa41 e-con-full e-flex e-con e-child\" data-id=\"882fa41\" data-element_type=\"container\">\n\t\t<div class=\"elementor-element elementor-element-e1d6b40 e-con-full e-flex e-con e-child\" data-id=\"e1d6b40\" data-element_type=\"container\">\n\t\t\t\t<div class=\"elementor-element elementor-element-224a3960 elementor-widget elementor-widget-image\" data-id=\"224a3960\" data-element_type=\"widget\" data-widget_type=\"image.default\">\n\t\t\t\t<div class=\"elementor-widget-container\">\n\t\t\t\t\t\t\t\t\t\t\t\t\t\t\t<img fetchpriority=\"high\" decoding=\"async\" width=\"800\" height=\"600\" src=\"https:\/\/voliotignatho.gr\/wp-content\/uploads\/2025\/07\/Areti_Volioti_Resume_4-800x600.jpg\" class=\"attachment-zakra-thumb-size-one size-zakra-thumb-size-one wp-image-3310\" alt=\"Areti_Volioti_Resume_4\" \/>\t\t\t\t\t\t\t\t\t\t\t\t\t\t\t<\/div>\n\t\t\t\t<\/div>\n\t\t\t\t<\/div>\n\t\t<div class=\"elementor-element elementor-element-1781e37a e-con-full e-flex e-con e-child\" data-id=\"1781e37a\" data-element_type=\"container\">\n\t\t\t\t<div class=\"elementor-element elementor-element-e246e47 elementor-widget elementor-widget-image\" data-id=\"e246e47\" data-element_type=\"widget\" data-widget_type=\"image.default\">\n\t\t\t\t<div class=\"elementor-widget-container\">\n\t\t\t\t\t\t\t\t\t\t\t\t\t\t\t<img decoding=\"async\" width=\"1920\" height=\"2560\" src=\"https:\/\/voliotignatho.gr\/wp-content\/uploads\/2025\/07\/Areti_Volioti_Resume_3-scaled.webp\" class=\"attachment-full size-full wp-image-3319\" alt=\"Areti_Volioti_Resume_3\" \/>\t\t\t\t\t\t\t\t\t\t\t\t\t\t\t<\/div>\n\t\t\t\t<\/div>\n\t\t\t\t<\/div>\n\t\t\t\t<\/div>\n\t\t<div class=\"elementor-element elementor-element-65f31188 e-con-full e-flex e-con e-child\" data-id=\"65f31188\" data-element_type=\"container\">\n\t\t<div class=\"elementor-element elementor-element-7f1facc7 e-con-full e-flex e-con e-child\" data-id=\"7f1facc7\" data-element_type=\"container\">\n\t\t\t\t<div class=\"elementor-element elementor-element-f14b866 e-transform elementor-widget elementor-widget-image\" data-id=\"f14b866\" data-element_type=\"widget\" data-settings=\"{&quot;_transform_flipX_effect&quot;:&quot;transform&quot;}\" data-widget_type=\"image.default\">\n\t\t\t\t<div class=\"elementor-widget-container\">\n\t\t\t\t\t\t\t\t\t\t\t\t\t\t\t<img decoding=\"async\" width=\"1920\" height=\"2560\" src=\"https:\/\/voliotignatho.gr\/wp-content\/uploads\/2025\/07\/Areti_Volioti_Resume_2-scaled.webp\" class=\"attachment-full size-full wp-image-3316\" alt=\"Areti_Volioti_Resume_2\" \/>\t\t\t\t\t\t\t\t\t\t\t\t\t\t\t<\/div>\n\t\t\t\t<\/div>\n\t\t\t\t<\/div>\n\t\t<div class=\"elementor-element elementor-element-72b1fdab e-con-full e-flex e-con e-child\" data-id=\"72b1fdab\" data-element_type=\"container\">\n\t\t\t\t<div class=\"elementor-element elementor-element-526916b6 elementor-widget elementor-widget-image\" data-id=\"526916b6\" data-element_type=\"widget\" data-widget_type=\"image.default\">\n\t\t\t\t<div class=\"elementor-widget-container\">\n\t\t\t\t\t\t\t\t\t\t\t\t\t\t\t<img loading=\"lazy\" decoding=\"async\" width=\"1920\" height=\"2560\" src=\"https:\/\/voliotignatho.gr\/wp-content\/uploads\/2025\/07\/Areti_Volioti_Resume_1-scaled.webp\" class=\"attachment-full size-full wp-image-3313\" alt=\"Areti_Volioti_Resume_1\" \/>\t\t\t\t\t\t\t\t\t\t\t\t\t\t\t<\/div>\n\t\t\t\t<\/div>\n\t\t\t\t<\/div>\n\t\t\t\t<\/div>\n\t\t\t\t<\/div>\n\t\t<div class=\"elementor-element elementor-element-399574e2 e-con-full e-flex e-con e-child\" data-id=\"399574e2\" data-element_type=\"container\">\n\t\t<div class=\"elementor-element elementor-element-6db3ddac e-con-full e-flex e-con e-child\" data-id=\"6db3ddac\" data-element_type=\"container\">\n\t\t<div class=\"elementor-element elementor-element-66348a51 e-con-full e-flex e-con e-child\" data-id=\"66348a51\" data-element_type=\"container\">\n\t\t\t\t<div class=\"elementor-element elementor-element-44c12243 elementor-widget elementor-widget-heading\" data-id=\"44c12243\" data-element_type=\"widget\" data-widget_type=\"heading.default\">\n\t\t\t\t<div class=\"elementor-widget-container\">\n\t\t\t\t\t<h2 class=\"elementor-heading-title elementor-size-default\">Areti Vl. Volioti, MD<\/h2>\t\t\t\t<\/div>\n\t\t\t\t<\/div>\n\t\t\t\t<\/div>\n\t\t\t\t<\/div>\n\t\t<div class=\"elementor-element elementor-element-278ec3dd e-con-full e-flex e-con e-child\" data-id=\"278ec3dd\" data-element_type=\"container\">\n\t\t<div class=\"elementor-element elementor-element-3b9cb447 e-con-full e-flex e-con e-child\" data-id=\"3b9cb447\" data-element_type=\"container\" data-settings=\"{&quot;background_background&quot;:&quot;classic&quot;}\">\n\t\t<div class=\"elementor-element elementor-element-347fd6be e-con-full e-flex e-con e-child\" data-id=\"347fd6be\" data-element_type=\"container\">\n\t\t\t\t<div class=\"elementor-element elementor-element-370b9f91 elementor-widget elementor-widget-heading\" data-id=\"370b9f91\" data-element_type=\"widget\" data-widget_type=\"heading.default\">\n\t\t\t\t<div class=\"elementor-widget-container\">\n\t\t\t\t\t<h2 class=\"elementor-heading-title elementor-size-default\">Ausbildung<\/h2>\t\t\t\t<\/div>\n\t\t\t\t<\/div>\n\t\t\t\t<div class=\"elementor-element elementor-element-50b62e1a elementor-widget elementor-widget-text-editor\" data-id=\"50b62e1a\" data-element_type=\"widget\" data-widget_type=\"text-editor.default\">\n\t\t\t\t<div class=\"elementor-widget-container\">\n\t\t\t\t\t\t\t\t\t<p>Dr. Areti Volioti ist Mund-, Kiefer- und Gesichtschirurgin mit langj\u00e4hriger Ausbildung und umfassender Erfahrung im Gesundheitswesen. Sie hat 2009 ihr Zahnmedizinstudium an der Nationalen und Kapodistrias-Universit\u00e4t Athen abgeschlossen und 2014 ihr Medizinstudium an der Aristoteles-Universit\u00e4t Thessaloniki. Ihre Facharztausbildung in der Mund-, Kiefer- und Gesichtschirurgie absolvierte sie am Universit\u00e4tskrankenhaus Iraklio (2015\u20132020). Im Jahr 2024 schloss sie eine Spezialisierung in Cone Beam CT an der Zahnmedizinischen Fakult\u00e4t der Nationalen und Kapodistrias-Universit\u00e4t Athen ab. Sie war zun\u00e4chst als Assistenz\u00e4rztin und anschlie\u00dfend als Fach\u00e4rztin (Stufe B) in derselben Klinik t\u00e4tig (2020\u20132024). Heute betreibt sie eine Privatpraxis in Volos.   <\/p>\t\t\t\t\t\t\t\t<\/div>\n\t\t\t\t<\/div>\n\t\t\t\t<\/div>\n\t\t\t\t<\/div>\n\t\t\t\t<\/div>\n\t\t<div class=\"elementor-element elementor-element-3fba0326 e-con-full e-flex e-con e-child\" data-id=\"3fba0326\" data-element_type=\"container\">\n\t\t<div class=\"elementor-element elementor-element-6e75baf3 e-con-full e-flex e-con e-child\" data-id=\"6e75baf3\" data-element_type=\"container\" data-settings=\"{&quot;background_background&quot;:&quot;classic&quot;}\">\n\t\t<div class=\"elementor-element elementor-element-58b2af5c e-con-full e-flex e-con e-child\" data-id=\"58b2af5c\" data-element_type=\"container\">\n\t\t\t\t<div class=\"elementor-element elementor-element-7faf3949 elementor-widget elementor-widget-heading\" data-id=\"7faf3949\" data-element_type=\"widget\" data-widget_type=\"heading.default\">\n\t\t\t\t<div class=\"elementor-widget-container\">\n\t\t\t\t\t<h2 class=\"elementor-heading-title elementor-size-default\">T\u00e4tigkeit<\/h2>\t\t\t\t<\/div>\n\t\t\t\t<\/div>\n\t\t\t\t<div class=\"elementor-element elementor-element-22773543 elementor-widget elementor-widget-text-editor\" data-id=\"22773543\" data-element_type=\"widget\" data-widget_type=\"text-editor.default\">\n\t\t\t\t<div class=\"elementor-widget-container\">\n\t\t\t\t\t\t\t\t\t<p>Ihre wissenschaftliche T\u00e4tigkeit umfasst die aktive Teilnahme an zahlreichen nationalen und internationalen Kongressen, bei denen sie Vortr\u00e4ge und Pr\u00e4sentationen gehalten hat \u2013 viele davon wurden ausgezeichnet. Sie ist ordentliches Mitglied der Griechischen Gesellschaft f\u00fcr Mund-, Kiefer- und Gesichtschirurgie, der Griechischen Gesellschaft f\u00fcr Dentale und Kieferorthop\u00e4dische Radiologie sowie der Zahn\u00e4rztekammer von Magnisia. Ihre wissenschaftliche Arbeit umfasst Publikationen in anerkannten griechischen und internationalen Fachzeitschriften.<\/p>\t\t\t\t\t\t\t\t<\/div>\n\t\t\t\t<\/div>\n\t\t\t\t<\/div>\n\t\t\t\t<\/div>\n\t\t\t\t<\/div>\n\t\t<div class=\"elementor-element elementor-element-558789ef e-con-full e-flex e-con e-child\" data-id=\"558789ef\" data-element_type=\"container\">\n\t\t\t\t<div class=\"elementor-element elementor-element-69f4d3ca elementor-align-center elementor-widget elementor-widget-button\" data-id=\"69f4d3ca\" data-element_type=\"widget\" data-widget_type=\"button.default\">\n\t\t\t\t<div class=\"elementor-widget-container\">\n\t\t\t\t\t\t\t\t\t<div class=\"elementor-button-wrapper\">\n\t\t\t\t\t<a class=\"elementor-button elementor-button-link elementor-size-sm\" href=\"https:\/\/voliotignatho.gr\/de\/index.php\/klinik\/\">\n\t\t\t\t\t\t<span class=\"elementor-button-content-wrapper\">\n\t\t\t\t\t\t\t\t\t<span class=\"elementor-button-text\">Siehe die Praxis<\/span>\n\t\t\t\t\t<\/span>\n\t\t\t\t\t<\/a>\n\t\t\t\t<\/div>\n\t\t\t\t\t\t\t\t<\/div>\n\t\t\t\t<\/div>\n\t\t\t\t<\/div>\n\t\t\t\t<\/div>\n\t\t\t\t\t<\/div>\n\t\t\t\t<\/div>\n\t\t\t\t<\/div>\n\t\t","protected":false},"excerpt":{"rendered":"<p>Areti Vl. Volioti, MD Ausbildung Dr. Areti Volioti ist Mund-, Kiefer- und Gesichtschirurgin mit langj\u00e4hriger Ausbildung und umfassender Erfahrung im Gesundheitswesen. Sie hat 2009 ihr Zahnmedizinstudium an der Nationalen und Kapodistrias-Universit\u00e4t Athen abgeschlossen und 2014 ihr Medizinstudium an der Aristoteles-Universit\u00e4t Thessaloniki. Ihre Facharztausbildung in der Mund-, Kiefer- und Gesichtschirurgie absolvierte sie am Universit\u00e4tskrankenhaus Iraklio (2015\u20132020).[&hellip;]<\/p>\n","protected":false},"author":1,"featured_media":0,"parent":0,"menu_order":0,"comment_status":"closed","ping_status":"closed","template":"elementor_header_footer","meta":{"zakra_general_container_width":0,"zakra_general_content_width":0,"zakra_general_sidebar_width":0,"zakra_sticky_header":"customizer","zakra_header_main_area":true,"zakra_site_logo_width":0,"zakra_header_top_enabled":"customizer","zakra_header_top_style":"customizer","zakra_primary_menu_item_style":"customizer","zakra_page_header_text_color":"","zakra_page_header_layout":"customizer","zakra_page_title_bg":"","zakra_footer_widgets_bg_image":0,"zakra_page_title_bg_repeat":"customizer","zakra_page_title_bg_position":"customizer","zakra_page_title_bg_size":"customizer","zakra_page_title_bg_attachment":"customizer","zakra_breadcrumbs_enabled":"customizer","zakra_breadcrumbs_text_color":"","zakra_breadcrumbs_separator_color":"","zakra_breadcrumbs_link_color":"","zakra_breadcrumbs_link_hover_color":"","zakra_page_title_bg_image":0,"zakra_footer_widgets_enabled":"customizer","zakra_footer_column_layout_1_style":"customizer","zakra_footer_widgets_bg":"","zakra_footer_widgets_bg_repeat":"customizer","zakra_footer_widgets_bg_position":"customizer","zakra_footer_widgets_bg_size":"customizer","zakra_footer_widgets_bg_attachment":"customizer","zakra_footer_bar_enabled":"customizer","zakra_footer_bar_style":"customizer","footnotes":""},"class_list":["post-3211","page","type-page","status-publish","hentry"],"_links":{"self":[{"href":"https:\/\/voliotignatho.gr\/de\/index.php\/wp-json\/wp\/v2\/pages\/3211","targetHints":{"allow":["GET"]}}],"collection":[{"href":"https:\/\/voliotignatho.gr\/de\/index.php\/wp-json\/wp\/v2\/pages"}],"about":[{"href":"https:\/\/voliotignatho.gr\/de\/index.php\/wp-json\/wp\/v2\/types\/page"}],"author":[{"embeddable":true,"href":"https:\/\/voliotignatho.gr\/de\/index.php\/wp-json\/wp\/v2\/users\/1"}],"replies":[{"embeddable":true,"href":"https:\/\/voliotignatho.gr\/de\/index.php\/wp-json\/wp\/v2\/comments?post=3211"}],"version-history":[{"count":5,"href":"https:\/\/voliotignatho.gr\/de\/index.php\/wp-json\/wp\/v2\/pages\/3211\/revisions"}],"predecessor-version":[{"id":3340,"href":"https:\/\/voliotignatho.gr\/de\/index.php\/wp-json\/wp\/v2\/pages\/3211\/revisions\/3340"}],"wp:attachment":[{"href":"https:\/\/voliotignatho.gr\/de\/index.php\/wp-json\/wp\/v2\/media?parent=3211"}],"curies":[{"name":"wp","href":"https:\/\/api.w.org\/{rel}","templated":true}]}}