{"id":3225,"date":"2024-04-30T03:12:22","date_gmt":"2024-04-30T00:12:22","guid":{"rendered":"https:\/\/lang.my-site.gr\/index.php\/dienstleistungen\/"},"modified":"2025-07-03T10:01:59","modified_gmt":"2025-07-03T07:01:59","slug":"dienstleistungen","status":"publish","type":"page","link":"https:\/\/voliotignatho.gr\/de\/index.php\/dienstleistungen\/","title":{"rendered":"Leistungen"},"content":{"rendered":"\t\t<div data-elementor-type=\"wp-page\" data-elementor-id=\"3225\" class=\"elementor elementor-3225 elementor-12\">\n\t\t\t\t<div class=\"elementor-element elementor-element-d5ab9ae e-flex e-con-boxed e-con e-parent\" data-id=\"d5ab9ae\" data-element_type=\"container\" data-settings=\"{&quot;background_background&quot;:&quot;classic&quot;}\">\n\t\t\t\t\t<div class=\"e-con-inner\">\n\t\t<div class=\"elementor-element elementor-element-0b00f0d e-con-full e-flex e-con e-child\" data-id=\"0b00f0d\" data-element_type=\"container\">\n\t\t<div class=\"elementor-element elementor-element-d6383ea e-con-full e-flex e-con e-child\" data-id=\"d6383ea\" data-element_type=\"container\" data-settings=\"{&quot;background_background&quot;:&quot;classic&quot;}\">\n\t\t\t\t<div class=\"elementor-element elementor-element-5c53af0 elementor-widget elementor-widget-image\" data-id=\"5c53af0\" data-element_type=\"widget\" data-widget_type=\"image.default\">\n\t\t\t\t<div class=\"elementor-widget-container\">\n\t\t\t\t\t\t\t\t\t\t\t\t\t\t\t<img decoding=\"async\" width=\"69\" height=\"68\" src=\"https:\/\/voliotignatho.gr\/wp-content\/uploads\/2024\/05\/Alignment-Treatment.png\" class=\"attachment-full size-full wp-image-3098\" alt=\"\" \/>\t\t\t\t\t\t\t\t\t\t\t\t\t\t\t<\/div>\n\t\t\t\t<\/div>\n\t\t\t\t<div class=\"elementor-element elementor-element-a9a94c4 elementor-widget elementor-widget-heading\" data-id=\"a9a94c4\" data-element_type=\"widget\" data-widget_type=\"heading.default\">\n\t\t\t\t<div class=\"elementor-widget-container\">\n\t\t\t\t\t<h2 class=\"elementor-heading-title elementor-size-default\">Zahnextraktionen<\/h2>\t\t\t\t<\/div>\n\t\t\t\t<\/div>\n\t\t\t\t<div class=\"elementor-element elementor-element-3861839 elementor-widget elementor-widget-text-editor\" data-id=\"3861839\" data-element_type=\"widget\" data-widget_type=\"text-editor.default\">\n\t\t\t\t<div class=\"elementor-widget-container\">\n\t\t\t\t\t\t\t\t\t<p>Schmerzfreie und sichere Entfernung von Z\u00e4hnen, die nicht erhalten werden k\u00f6nnen \u2013 zur Vermeidung von Komplikationen und zur Erhaltung der Mundgesundheit.<\/p>\t\t\t\t\t\t\t\t<\/div>\n\t\t\t\t<\/div>\n\t\t\t\t<\/div>\n\t\t<div class=\"elementor-element elementor-element-621ff7a e-con-full e-flex e-con e-child\" data-id=\"621ff7a\" data-element_type=\"container\" data-settings=\"{&quot;background_background&quot;:&quot;classic&quot;}\">\n\t\t\t\t<div class=\"elementor-element elementor-element-1f5b5fe elementor-widget elementor-widget-image\" data-id=\"1f5b5fe\" data-element_type=\"widget\" data-widget_type=\"image.default\">\n\t\t\t\t<div class=\"elementor-widget-container\">\n\t\t\t\t\t\t\t\t\t\t\t\t\t\t\t<img decoding=\"async\" width=\"70\" height=\"74\" src=\"https:\/\/voliotignatho.gr\/wp-content\/uploads\/2024\/05\/Cavity-Specialist-1.png\" class=\"attachment-full size-full wp-image-3140\" alt=\"\" \/>\t\t\t\t\t\t\t\t\t\t\t\t\t\t\t<\/div>\n\t\t\t\t<\/div>\n\t\t\t\t<div class=\"elementor-element elementor-element-319e369 elementor-widget elementor-widget-heading\" data-id=\"319e369\" data-element_type=\"widget\" data-widget_type=\"heading.default\">\n\t\t\t\t<div class=\"elementor-widget-container\">\n\t\t\t\t\t<h2 class=\"elementor-heading-title elementor-size-default\">Implantate<\/h2>\t\t\t\t<\/div>\n\t\t\t\t<\/div>\n\t\t\t\t<div class=\"elementor-element elementor-element-795cbaa elementor-widget elementor-widget-text-editor\" data-id=\"795cbaa\" data-element_type=\"widget\" data-widget_type=\"text-editor.default\">\n\t\t\t\t<div class=\"elementor-widget-container\">\n\t\t\t\t\t\t\t\t\t<p>Setzen von Zahnimplantaten mit modernen Techniken zur nat\u00fcrlichen Wiederherstellung von Funktion und \u00c4sthetik des Gebisses.<\/p>\t\t\t\t\t\t\t\t<\/div>\n\t\t\t\t<\/div>\n\t\t\t\t<\/div>\n\t\t<div class=\"elementor-element elementor-element-158fd7f e-con-full e-flex e-con e-child\" data-id=\"158fd7f\" data-element_type=\"container\" data-settings=\"{&quot;background_background&quot;:&quot;classic&quot;}\">\n\t\t\t\t<div class=\"elementor-element elementor-element-8405a40 elementor-widget elementor-widget-image\" data-id=\"8405a40\" data-element_type=\"widget\" data-widget_type=\"image.default\">\n\t\t\t\t<div class=\"elementor-widget-container\">\n\t\t\t\t\t\t\t\t\t\t\t\t\t\t\t<img decoding=\"async\" width=\"70\" height=\"74\" src=\"https:\/\/voliotignatho.gr\/wp-content\/uploads\/2024\/05\/Oral-Hygiene-1.png\" class=\"attachment-full size-full wp-image-3142\" alt=\"\" \/>\t\t\t\t\t\t\t\t\t\t\t\t\t\t\t<\/div>\n\t\t\t\t<\/div>\n\t\t\t\t<div class=\"elementor-element elementor-element-ffc420d elementor-widget elementor-widget-heading\" data-id=\"ffc420d\" data-element_type=\"widget\" data-widget_type=\"heading.default\">\n\t\t\t\t<div class=\"elementor-widget-container\">\n\t\t\t\t\t<h2 class=\"elementor-heading-title elementor-size-default\">Retinierte Z\u00e4hne<\/h2>\t\t\t\t<\/div>\n\t\t\t\t<\/div>\n\t\t\t\t<div class=\"elementor-element elementor-element-47379e7 elementor-widget elementor-widget-text-editor\" data-id=\"47379e7\" data-element_type=\"widget\" data-widget_type=\"text-editor.default\">\n\t\t\t\t<div class=\"elementor-widget-container\">\n\t\t\t\t\t\t\t\t\t<p>Chirurgische Entfernung verlagerter Z\u00e4hne \u2013 wie Weisheitsz\u00e4hne \u2013, die nicht regul\u00e4r durchgebrochen sind und Schmerzen oder Zahnverschiebungen verursachen k\u00f6nnen.<\/p>\t\t\t\t\t\t\t\t<\/div>\n\t\t\t\t<\/div>\n\t\t\t\t<\/div>\n\t\t\t\t<\/div>\n\t\t<div class=\"elementor-element elementor-element-4cc5078 e-con-full e-flex e-con e-child\" data-id=\"4cc5078\" data-element_type=\"container\">\n\t\t<div class=\"elementor-element elementor-element-f5ea2ee e-con-full e-flex e-con e-child\" data-id=\"f5ea2ee\" data-element_type=\"container\" data-settings=\"{&quot;background_background&quot;:&quot;classic&quot;}\">\n\t\t\t\t<div class=\"elementor-element elementor-element-fd52f68 elementor-widget elementor-widget-image\" data-id=\"fd52f68\" data-element_type=\"widget\" data-widget_type=\"image.default\">\n\t\t\t\t<div class=\"elementor-widget-container\">\n\t\t\t\t\t\t\t\t\t\t\t\t\t\t\t<img loading=\"lazy\" decoding=\"async\" width=\"69\" height=\"74\" src=\"https:\/\/voliotignatho.gr\/wp-content\/uploads\/2024\/05\/Root-Canal-Filling.png\" class=\"attachment-large size-large wp-image-3104\" alt=\"\" \/>\t\t\t\t\t\t\t\t\t\t\t\t\t\t\t<\/div>\n\t\t\t\t<\/div>\n\t\t\t\t<div class=\"elementor-element elementor-element-0e32360 elementor-widget elementor-widget-heading\" data-id=\"0e32360\" data-element_type=\"widget\" data-widget_type=\"heading.default\">\n\t\t\t\t<div class=\"elementor-widget-container\">\n\t\t\t\t\t<h2 class=\"elementor-heading-title elementor-size-default\">Zysten in Weich- und Hartgeweben der Mundh\u00f6hle<\/h2>\t\t\t\t<\/div>\n\t\t\t\t<\/div>\n\t\t\t\t<div class=\"elementor-element elementor-element-6d909b3 elementor-widget elementor-widget-text-editor\" data-id=\"6d909b3\" data-element_type=\"widget\" data-widget_type=\"text-editor.default\">\n\t\t\t\t<div class=\"elementor-widget-container\">\n\t\t\t\t\t\t\t\t\t<p>Diagnose und chirurgische Behandlung von Zysten im Mundraum zur Vermeidung von Knochensch\u00e4den oder Zahnverlust.<\/p>\t\t\t\t\t\t\t\t<\/div>\n\t\t\t\t<\/div>\n\t\t\t\t<\/div>\n\t\t<div class=\"elementor-element elementor-element-66ed2bf e-con-full e-flex e-con e-child\" data-id=\"66ed2bf\" data-element_type=\"container\" data-settings=\"{&quot;background_background&quot;:&quot;classic&quot;}\">\n\t\t\t\t<div class=\"elementor-element elementor-element-7d3435d elementor-widget elementor-widget-image\" data-id=\"7d3435d\" data-element_type=\"widget\" data-widget_type=\"image.default\">\n\t\t\t\t<div class=\"elementor-widget-container\">\n\t\t\t\t\t\t\t\t\t\t\t\t\t\t\t<img loading=\"lazy\" decoding=\"async\" width=\"70\" height=\"74\" src=\"https:\/\/voliotignatho.gr\/wp-content\/uploads\/2024\/05\/Dental-Crowns.png\" class=\"attachment-large size-large wp-image-3106\" alt=\"\" \/>\t\t\t\t\t\t\t\t\t\t\t\t\t\t\t<\/div>\n\t\t\t\t<\/div>\n\t\t\t\t<div class=\"elementor-element elementor-element-44e8cab elementor-widget elementor-widget-heading\" data-id=\"44e8cab\" data-element_type=\"widget\" data-widget_type=\"heading.default\">\n\t\t\t\t<div class=\"elementor-widget-container\">\n\t\t\t\t\t<h2 class=\"elementor-heading-title elementor-size-default\">Gutartige Tumoren der Mundschleimhaut oder der Kieferknochen<\/h2>\t\t\t\t<\/div>\n\t\t\t\t<\/div>\n\t\t\t\t<div class=\"elementor-element elementor-element-08df6a6 elementor-widget elementor-widget-text-editor\" data-id=\"08df6a6\" data-element_type=\"widget\" data-widget_type=\"text-editor.default\">\n\t\t\t\t<div class=\"elementor-widget-container\">\n\t\t\t\t\t\t\t\t\t<p>Sichere und pr\u00e4zise Entfernung gutartiger Tumoren aus Zahnfleisch, Schleimhaut oder Kieferknochen zur Wiederherstellung der Mundgesundheit.<\/p>\t\t\t\t\t\t\t\t<\/div>\n\t\t\t\t<\/div>\n\t\t\t\t<\/div>\n\t\t<div class=\"elementor-element elementor-element-3b39428 e-con-full e-flex e-con e-child\" data-id=\"3b39428\" data-element_type=\"container\" data-settings=\"{&quot;background_background&quot;:&quot;classic&quot;}\">\n\t\t\t\t<div class=\"elementor-element elementor-element-2b0c14c elementor-widget elementor-widget-image\" data-id=\"2b0c14c\" data-element_type=\"widget\" data-widget_type=\"image.default\">\n\t\t\t\t<div class=\"elementor-widget-container\">\n\t\t\t\t\t\t\t\t\t\t\t\t\t\t\t<img loading=\"lazy\" decoding=\"async\" width=\"70\" height=\"74\" src=\"https:\/\/voliotignatho.gr\/wp-content\/uploads\/2024\/05\/Teeth-Whitening-1.png\" class=\"attachment-large size-large wp-image-3146\" alt=\"\" \/>\t\t\t\t\t\t\t\t\t\t\t\t\t\t\t<\/div>\n\t\t\t\t<\/div>\n\t\t\t\t<div class=\"elementor-element elementor-element-2b91ee7 elementor-widget elementor-widget-heading\" data-id=\"2b91ee7\" data-element_type=\"widget\" data-widget_type=\"heading.default\">\n\t\t\t\t<div class=\"elementor-widget-container\">\n\t\t\t\t\t<h2 class=\"elementor-heading-title elementor-size-default\">Chirurgische Modellierung des Alveolarkamms<\/h2>\t\t\t\t<\/div>\n\t\t\t\t<\/div>\n\t\t\t\t<div class=\"elementor-element elementor-element-3fbff27 elementor-widget elementor-widget-text-editor\" data-id=\"3fbff27\" data-element_type=\"widget\" data-widget_type=\"text-editor.default\">\n\t\t\t\t<div class=\"elementor-widget-container\">\n\t\t\t\t\t\t\t\t\t<p>Vorbereitung des Kiefers f\u00fcr prothetische oder implantologische Versorgungen durch Umformung des Alveolarkamms \u2013 f\u00fcr optimale Passform und \u00e4sthetisches Ergebnis.<\/p>\t\t\t\t\t\t\t\t<\/div>\n\t\t\t\t<\/div>\n\t\t\t\t<\/div>\n\t\t\t\t<\/div>\n\t\t<div class=\"elementor-element elementor-element-36aa215 e-con-full e-flex e-con e-child\" data-id=\"36aa215\" data-element_type=\"container\">\n\t\t<div class=\"elementor-element elementor-element-87a3c43 e-con-full e-flex e-con e-child\" data-id=\"87a3c43\" data-element_type=\"container\" data-settings=\"{&quot;background_background&quot;:&quot;classic&quot;}\">\n\t\t\t\t<div class=\"elementor-element elementor-element-d15776c elementor-widget elementor-widget-image\" data-id=\"d15776c\" data-element_type=\"widget\" data-widget_type=\"image.default\">\n\t\t\t\t<div class=\"elementor-widget-container\">\n\t\t\t\t\t\t\t\t\t\t\t\t\t\t\t<img loading=\"lazy\" decoding=\"async\" width=\"69\" height=\"68\" src=\"https:\/\/voliotignatho.gr\/wp-content\/uploads\/2024\/05\/Teeth-Bonding.png\" class=\"attachment-large size-large wp-image-3168\" alt=\"\" \/>\t\t\t\t\t\t\t\t\t\t\t\t\t\t\t<\/div>\n\t\t\t\t<\/div>\n\t\t\t\t<div class=\"elementor-element elementor-element-9e454b9 elementor-widget elementor-widget-heading\" data-id=\"9e454b9\" data-element_type=\"widget\" data-widget_type=\"heading.default\">\n\t\t\t\t<div class=\"elementor-widget-container\">\n\t\t\t\t\t<h2 class=\"elementor-heading-title elementor-size-default\">Regeneration des Extraktionsalveolus<\/h2>\t\t\t\t<\/div>\n\t\t\t\t<\/div>\n\t\t\t\t<div class=\"elementor-element elementor-element-f252157 elementor-widget elementor-widget-text-editor\" data-id=\"f252157\" data-element_type=\"widget\" data-widget_type=\"text-editor.default\">\n\t\t\t\t<div class=\"elementor-widget-container\">\n\t\t\t\t\t\t\t\t\t<p>Spezialisierte Techniken zur Erhaltung oder Wiederherstellung des Kieferknochens nach Zahnextraktionen \u2013 als Grundlage f\u00fcr sp\u00e4tere Implantate oder Zahnersatz.<\/p>\t\t\t\t\t\t\t\t<\/div>\n\t\t\t\t<\/div>\n\t\t\t\t<\/div>\n\t\t<div class=\"elementor-element elementor-element-9f5abee e-con-full e-flex e-con e-child\" data-id=\"9f5abee\" data-element_type=\"container\" data-settings=\"{&quot;background_background&quot;:&quot;classic&quot;}\">\n\t\t\t\t<div class=\"elementor-element elementor-element-defc08b elementor-widget elementor-widget-image\" data-id=\"defc08b\" data-element_type=\"widget\" data-widget_type=\"image.default\">\n\t\t\t\t<div class=\"elementor-widget-container\">\n\t\t\t\t\t\t\t\t\t\t\t\t\t\t\t<img loading=\"lazy\" decoding=\"async\" width=\"69\" height=\"68\" src=\"https:\/\/voliotignatho.gr\/wp-content\/uploads\/2024\/05\/Oral-Surgery.png\" class=\"attachment-large size-large wp-image-3170\" alt=\"\" \/>\t\t\t\t\t\t\t\t\t\t\t\t\t\t\t<\/div>\n\t\t\t\t<\/div>\n\t\t\t\t<div class=\"elementor-element elementor-element-94d8d3a elementor-widget elementor-widget-heading\" data-id=\"94d8d3a\" data-element_type=\"widget\" data-widget_type=\"heading.default\">\n\t\t\t\t<div class=\"elementor-widget-container\">\n\t\t\t\t\t<h2 class=\"elementor-heading-title elementor-size-default\">Freilegung verlagerter Z\u00e4hne f\u00fcr kieferorthop\u00e4dische Behandlungen<\/h2>\t\t\t\t<\/div>\n\t\t\t\t<\/div>\n\t\t\t\t<div class=\"elementor-element elementor-element-aeb81fc elementor-widget elementor-widget-text-editor\" data-id=\"aeb81fc\" data-element_type=\"widget\" data-widget_type=\"text-editor.default\">\n\t\t\t\t<div class=\"elementor-widget-container\">\n\t\t\t\t\t\t\t\t\t<p>Chirurgische Freilegung verlagerter Z\u00e4hne (z.\u202fB. Eckz\u00e4hne), damit diese im Rahmen einer kieferorthop\u00e4dischen Therapie in die richtige Position gef\u00fchrt werden k\u00f6nnen.<\/p>\t\t\t\t\t\t\t\t<\/div>\n\t\t\t\t<\/div>\n\t\t\t\t<\/div>\n\t\t\t\t<\/div>\n\t\t<div class=\"elementor-element elementor-element-b00e120 e-con-full e-flex e-con e-child\" data-id=\"b00e120\" data-element_type=\"container\">\n\t\t\t\t<div class=\"elementor-element elementor-element-4a4f848 elementor-align-center elementor-widget elementor-widget-button\" data-id=\"4a4f848\" data-element_type=\"widget\" data-widget_type=\"button.default\">\n\t\t\t\t<div class=\"elementor-widget-container\">\n\t\t\t\t\t\t\t\t\t<div class=\"elementor-button-wrapper\">\n\t\t\t\t\t<a class=\"elementor-button elementor-button-link elementor-size-sm\" href=\"https:\/\/voliotignatho.gr\/de\/index.php\/kontakt\/\">\n\t\t\t\t\t\t<span class=\"elementor-button-content-wrapper\">\n\t\t\t\t\t\t\t\t\t<span class=\"elementor-button-text\">Rufen Sie uns an<\/span>\n\t\t\t\t\t<\/span>\n\t\t\t\t\t<\/a>\n\t\t\t\t<\/div>\n\t\t\t\t\t\t\t\t<\/div>\n\t\t\t\t<\/div>\n\t\t\t\t<\/div>\n\t\t\t\t\t<\/div>\n\t\t\t\t<\/div>\n\t\t\t\t<\/div>\n\t\t","protected":false},"excerpt":{"rendered":"<p>Zahnextraktionen Schmerzfreie und sichere Entfernung von Z\u00e4hnen, die nicht erhalten werden k\u00f6nnen \u2013 zur Vermeidung von Komplikationen und zur Erhaltung der Mundgesundheit. Implantate Setzen von Zahnimplantaten mit modernen Techniken zur nat\u00fcrlichen Wiederherstellung von Funktion und \u00c4sthetik des Gebisses. Retinierte Z\u00e4hne Chirurgische Entfernung verlagerter Z\u00e4hne \u2013 wie Weisheitsz\u00e4hne \u2013, die nicht regul\u00e4r durchgebrochen sind und Schmerzen[&hellip;]<\/p>\n","protected":false},"author":1,"featured_media":0,"parent":0,"menu_order":0,"comment_status":"closed","ping_status":"closed","template":"","meta":{"zakra_general_container_width":0,"zakra_general_content_width":0,"zakra_general_sidebar_width":0,"zakra_sticky_header":"customizer","zakra_header_main_area":true,"zakra_site_logo_width":0,"zakra_header_top_enabled":"customizer","zakra_header_top_style":"customizer","zakra_primary_menu_item_style":"customizer","zakra_page_header_text_color":"","zakra_page_header_layout":"customizer","zakra_page_title_bg":"","zakra_footer_widgets_bg_image":0,"zakra_page_title_bg_repeat":"customizer","zakra_page_title_bg_position":"customizer","zakra_page_title_bg_size":"customizer","zakra_page_title_bg_attachment":"customizer","zakra_breadcrumbs_enabled":"customizer","zakra_breadcrumbs_text_color":"","zakra_breadcrumbs_separator_color":"","zakra_breadcrumbs_link_color":"","zakra_breadcrumbs_link_hover_color":"","zakra_page_title_bg_image":0,"zakra_footer_widgets_enabled":"customizer","zakra_footer_column_layout_1_style":"customizer","zakra_footer_widgets_bg":"","zakra_footer_widgets_bg_repeat":"customizer","zakra_footer_widgets_bg_position":"customizer","zakra_footer_widgets_bg_size":"customizer","zakra_footer_widgets_bg_attachment":"customizer","zakra_footer_bar_enabled":"customizer","zakra_footer_bar_style":"customizer","footnotes":""},"class_list":["post-3225","page","type-page","status-publish","hentry"],"_links":{"self":[{"href":"https:\/\/voliotignatho.gr\/de\/index.php\/wp-json\/wp\/v2\/pages\/3225","targetHints":{"allow":["GET"]}}],"collection":[{"href":"https:\/\/voliotignatho.gr\/de\/index.php\/wp-json\/wp\/v2\/pages"}],"about":[{"href":"https:\/\/voliotignatho.gr\/de\/index.php\/wp-json\/wp\/v2\/types\/page"}],"author":[{"embeddable":true,"href":"https:\/\/voliotignatho.gr\/de\/index.php\/wp-json\/wp\/v2\/users\/1"}],"replies":[{"embeddable":true,"href":"https:\/\/voliotignatho.gr\/de\/index.php\/wp-json\/wp\/v2\/comments?post=3225"}],"version-history":[{"count":10,"href":"https:\/\/voliotignatho.gr\/de\/index.php\/wp-json\/wp\/v2\/pages\/3225\/revisions"}],"predecessor-version":[{"id":3306,"href":"https:\/\/voliotignatho.gr\/de\/index.php\/wp-json\/wp\/v2\/pages\/3225\/revisions\/3306"}],"wp:attachment":[{"href":"https:\/\/voliotignatho.gr\/de\/index.php\/wp-json\/wp\/v2\/media?parent=3225"}],"curies":[{"name":"wp","href":"https:\/\/api.w.org\/{rel}","templated":true}]}}