{"id":3228,"date":"2025-06-03T11:29:10","date_gmt":"2025-06-03T08:29:10","guid":{"rendered":"https:\/\/lang.my-site.gr\/index.php\/website-nutzungsbedingungen\/"},"modified":"2025-07-03T12:22:10","modified_gmt":"2025-07-03T09:22:10","slug":"website-nutzungsbedingungen","status":"publish","type":"page","link":"https:\/\/voliotignatho.gr\/de\/index.php\/website-nutzungsbedingungen\/","title":{"rendered":"Nutzungsbedingungen der Website"},"content":{"rendered":"<p><strong><u>Nutzungsbedingungen<\/u><\/strong><\/p>\n<p>Die elektronische Adresse <a href=\"https:\/\/www.voliotignatho.gr\/\" target=\"_blank\" rel=\"noopener\">www.voliotignatho.gr<\/a> repr\u00e4sentiert die physische Pr\u00e4senz der Arztpraxis von \u00c4rztin Areti Vl. Volioti, mit Sitz in Griechenland, genauer gesagt in der Topali-Stra\u00dfe 84 (PLZ 38221, Volos) mit der Telefonnummer: 24210 31599 und E-Mail: <a href=\"mailto:areti.volioti@gmail.com\">areti.volioti@gmail.com<\/a>.<br \/>Die Bereitstellung der Dienste \u00fcber die Website der Praxis erfolgt gem\u00e4\u00df den unten beschriebenen Bedingungen, die der Nutzer vollst\u00e4ndig und vorbehaltlos akzeptiert. Folglich sollte der Besucher diese Bedingungen sorgf\u00e4ltig lesen, bevor er die Dienste der Website nutzt, und wenn er nicht einverstanden ist, sollte er die Dienste und deren Inhalte nicht nutzen. Der Nutzer wird gebeten, den Inhalt der Nutzungsbedingungen auf m\u00f6gliche \u00c4nderungen zu \u00fcberpr\u00fcfen. Die fortgesetzte Nutzung der Website <a href=\"https:\/\/www.voliotignatho.gr\/\" target=\"_blank\" rel=\"noopener\">www.voliotignatho.gr<\/a> auch nach etwaigen \u00c4nderungen bedeutet die vorbehaltlose Annahme dieser Bedingungen durch den Besucher\/Nutzer.<\/p>\n<p><strong><u>Cookies- Richtlinie<\/u><\/strong><\/p>\n<p><u>Was sind Cookies?<\/u><br \/>Cookies sind kleine Textdateien, die beim Surfen im Internet in Ihrem Browser gespeichert werden. Ihr Zweck ist es, die vom Nutzer besuchte Website \u00fcber dessen fr\u00fchere Aktivit\u00e4ten zu informieren. Sie beschreiben normalerweise unsere Daten wie Benutzername (username) und Passwort (password), damit Sie bei einem sp\u00e4teren Besuch derselben Website \u201eerinnert\u201c werden und sich nicht erneut anmelden m\u00fcssen. Die Mehrheit der Browser, wie zum Beispiel Google Chrome, Mozilla Firefox, Safari und Opera, unterst\u00fctzen die Verwendung von Cookies, der Nutzer kann jedoch seinen Browser so einstellen, dass er keine Cookies akzeptiert oder diese nachtr\u00e4glich l\u00f6scht.<\/p>\n<p><u>Kategorien von Cookies<\/u><\/p>\n<ul>\n<li><u>Performance-Cookies<\/u><br \/>Diese Cookies sammeln Informationen dar\u00fcber, wie Besucher die Website nutzen, zum Beispiel, welche Seiten am h\u00e4ufigsten besucht werden und ob sie Fehlermeldungen von Webseiten erhalten. Diese Cookies sammeln aggregierte, anonyme Informationen, die keinen Besucher identifizieren. Diese Daten werden ausschlie\u00dflich zur Verbesserung der Leistung dieser Website verwendet.<\/li>\n<li><u>Funktionalit\u00e4ts-Cookies<em><br \/><\/em><\/u>Sie erm\u00f6glichen es der Website, sich an vom Nutzer getroffene Einstellungen zu erinnern \u2013 etwa Benutzername, Sprache oder Region \u2013 und bieten dadurch erweiterte, personalisierte Funktionen.<\/li>\n<li><u>Targeting-\/Werbe-Cookies<em><br \/><\/em><\/u>Diese Cookies werden verwendet, um Inhalte bereitzustellen, die besser auf Sie und Ihre Interessen zugeschnitten sind. Sie k\u00f6nnen verwendet werden, um gezielte Werbung\/Angebote zu senden, die Anzeige von Werbung zu begrenzen oder die Wirksamkeit einer Werbekampagne zu messen. Sie k\u00f6nnen auch verwendet werden, um sich an die von Ihnen besuchten Websites zu erinnern, um festzustellen, welche Online-Marketingkan\u00e4le am effektivsten sind.<\/li>\n<\/ul>\n<p><u>Verwendung auf dieser Website<\/u><br \/>Auf dieser Website verwenden wir sogenannte Cookies gem\u00e4\u00df Artikel 6 Absatz 1 der EU-Verordnung 2016\/679. Cookies verursachen keine Sch\u00e4den an Ihrem Endger\u00e4t, enthalten keine Viren oder andere sch\u00e4dliche Programme. In Cookies werden Informationen gesammelt, die jedes Mal in Abh\u00e4ngigkeit vom verwendeten Endger\u00e4t entstehen. Dies bedeutet nicht, dass wir durch sie direkte Kenntnis Ihrer Identit\u00e4t haben. Die Verwendung von Cookies zielt darauf ab, Ihnen eine bequemere Nutzung zu erm\u00f6glichen. Aus diesem Grund verwenden wir sogenannte Session-Cookies, um zu erkennen, dass Sie bereits einzelne Seiten der Website besucht haben. Diese werden automatisch gel\u00f6scht, sobald Sie die Adresse <a href=\"https:\/\/www.voliotignatho.gr\/\" target=\"_blank\" rel=\"noopener\">www.voliotignatho.gr<\/a> verlassen. Dar\u00fcber hinaus verwenden wir tempor\u00e4re Cookies zur Benutzerfreundlichkeit, die f\u00fcr einen bestimmten Zeitraum auf Ihrem Endger\u00e4t gespeichert werden. Auf diese Weise k\u00f6nnen wir Ihnen den bestm\u00f6glichen Service bieten, falls Sie <a href=\"https:\/\/www.voliotignatho.gr\/\" target=\"_blank\" rel=\"noopener\">www.voliotignatho.gr<\/a> erneut besuchen.<\/p>\n<p><u>Kontrolle und m\u00f6gliche L\u00f6schung<\/u><br \/>Sie haben die volle Kontrolle \u00fcber Cookies und k\u00f6nnen diese jederzeit l\u00f6schen. Dar\u00fcber hinaus k\u00f6nnen Sie die meisten Browser so einstellen, dass sie die Installation von Cookies nicht zulassen. In diesem Fall m\u00fcssen Sie jedoch m\u00f6glicherweise jedes Mal, wenn Sie eine Website besuchen, bestimmte Einstellungen anpassen, und es kann auch sein, dass bestimmte Dienste nicht funktionieren.<\/p>\n<p>&nbsp;<\/p>\n<p>&nbsp;<\/p>\n","protected":false},"excerpt":{"rendered":"<p>Nutzungsbedingungen Die elektronische Adresse www.voliotignatho.gr repr\u00e4sentiert die physische Pr\u00e4senz der Arztpraxis von \u00c4rztin Areti Vl. Volioti, mit Sitz in Griechenland, genauer gesagt in der Topali-Stra\u00dfe 84 (PLZ 38221, Volos) mit der Telefonnummer: 24210 31599 und E-Mail: areti.volioti@gmail.com.Die Bereitstellung der Dienste \u00fcber die Website der Praxis erfolgt gem\u00e4\u00df den unten beschriebenen Bedingungen, die der Nutzer vollst\u00e4ndig[&hellip;]<\/p>\n","protected":false},"author":1,"featured_media":0,"parent":0,"menu_order":0,"comment_status":"closed","ping_status":"closed","template":"elementor_header_footer","meta":{"zakra_general_container_width":0,"zakra_general_content_width":0,"zakra_general_sidebar_width":0,"zakra_sticky_header":"customizer","zakra_header_main_area":true,"zakra_site_logo_width":0,"zakra_header_top_enabled":"customizer","zakra_header_top_style":"customizer","zakra_primary_menu_item_style":"customizer","zakra_page_header_text_color":"","zakra_page_header_layout":"customizer","zakra_page_title_bg":"","zakra_footer_widgets_bg_image":0,"zakra_page_title_bg_repeat":"customizer","zakra_page_title_bg_position":"customizer","zakra_page_title_bg_size":"customizer","zakra_page_title_bg_attachment":"customizer","zakra_breadcrumbs_enabled":"customizer","zakra_breadcrumbs_text_color":"","zakra_breadcrumbs_separator_color":"","zakra_breadcrumbs_link_color":"","zakra_breadcrumbs_link_hover_color":"","zakra_page_title_bg_image":0,"zakra_footer_widgets_enabled":"customizer","zakra_footer_column_layout_1_style":"customizer","zakra_footer_widgets_bg":"","zakra_footer_widgets_bg_repeat":"customizer","zakra_footer_widgets_bg_position":"customizer","zakra_footer_widgets_bg_size":"customizer","zakra_footer_widgets_bg_attachment":"customizer","zakra_footer_bar_enabled":"customizer","zakra_footer_bar_style":"customizer","footnotes":""},"class_list":["post-3228","page","type-page","status-publish","hentry"],"_links":{"self":[{"href":"https:\/\/voliotignatho.gr\/de\/index.php\/wp-json\/wp\/v2\/pages\/3228","targetHints":{"allow":["GET"]}}],"collection":[{"href":"https:\/\/voliotignatho.gr\/de\/index.php\/wp-json\/wp\/v2\/pages"}],"about":[{"href":"https:\/\/voliotignatho.gr\/de\/index.php\/wp-json\/wp\/v2\/types\/page"}],"author":[{"embeddable":true,"href":"https:\/\/voliotignatho.gr\/de\/index.php\/wp-json\/wp\/v2\/users\/1"}],"replies":[{"embeddable":true,"href":"https:\/\/voliotignatho.gr\/de\/index.php\/wp-json\/wp\/v2\/comments?post=3228"}],"version-history":[{"count":2,"href":"https:\/\/voliotignatho.gr\/de\/index.php\/wp-json\/wp\/v2\/pages\/3228\/revisions"}],"predecessor-version":[{"id":3343,"href":"https:\/\/voliotignatho.gr\/de\/index.php\/wp-json\/wp\/v2\/pages\/3228\/revisions\/3343"}],"wp:attachment":[{"href":"https:\/\/voliotignatho.gr\/de\/index.php\/wp-json\/wp\/v2\/media?parent=3228"}],"curies":[{"name":"wp","href":"https:\/\/api.w.org\/{rel}","templated":true}]}}